{"id":47052,"date":"2023-01-27T00:01:10","date_gmt":"2023-01-26T23:01:10","guid":{"rendered":"https:\/\/fundacion-biodiversidad.es\/divulgacion-y-sensibilizacion\/"},"modified":"2026-03-27T15:56:39","modified_gmt":"2026-03-27T14:56:39","slug":"dissemination-and-awareness-raising","status":"publish","type":"page","link":"https:\/\/fundacion-biodiversidad.es\/en\/dissemination-and-awareness-raising\/","title":{"rendered":"Dissemination and Awareness"},"content":{"rendered":"","protected":false},"excerpt":{"rendered":"","protected":false},"author":14,"featured_media":0,"parent":0,"menu_order":3,"comment_status":"closed","ping_status":"closed","template":"page-templates\/divulgacion.php","meta":{"_acf_changed":false,"footnotes":""},"class_list":["post-47052","page","type-page","status-publish","hentry"],"acf":[],"yoast_head":"<!-- This site is optimized with the Yoast SEO plugin v26.9 - https:\/\/yoast.com\/product\/yoast-seo-wordpress\/ -->\n<title>Dissemination and Awareness - Fundaci\u00f3n Biodiversidad<\/title>\n<meta name=\"description\" content=\"Environmental dissemination and awareness initiatives carried out by the Biodiversity Foundation through different channels and tools\" \/>\n<meta name=\"robots\" content=\"index, follow, max-snippet:-1, max-image-preview:large, max-video-preview:-1\" \/>\n<link rel=\"canonical\" href=\"https:\/\/fundacion-biodiversidad.es\/en\/dissemination-and-awareness-raising\/\" \/>\n<meta property=\"og:locale\" content=\"en_US\" \/>\n<meta property=\"og:type\" content=\"article\" \/>\n<meta property=\"og:title\" content=\"Dissemination and Awareness - Fundaci\u00f3n Biodiversidad\" \/>\n<meta property=\"og:description\" content=\"Environmental dissemination and awareness initiatives carried out by the Biodiversity Foundation through different channels and tools\" \/>\n<meta property=\"og:url\" content=\"https:\/\/fundacion-biodiversidad.es\/en\/dissemination-and-awareness-raising\/\" \/>\n<meta property=\"og:site_name\" content=\"Fundaci\u00f3n Biodiversidad\" \/>\n<meta property=\"article:modified_time\" content=\"2026-03-27T14:56:39+00:00\" \/>\n<meta property=\"og:image\" content=\"https:\/\/fundacion-biodiversidad.es\/wp-content\/uploads\/2022\/10\/slider-divulgacion.jpg\" \/>\n\t<meta property=\"og:image:width\" content=\"2410\" \/>\n\t<meta property=\"og:image:height\" content=\"1530\" \/>\n\t<meta property=\"og:image:type\" content=\"image\/jpeg\" \/>\n<meta name=\"twitter:card\" content=\"summary_large_image\" \/>\n<meta name=\"twitter:image\" content=\"https:\/\/fundacion-biodiversidad.es\/wp-content\/uploads\/2022\/10\/slider-divulgacion.jpg\" \/>\n<script type=\"application\/ld+json\" class=\"yoast-schema-graph\">{\"@context\":\"https:\/\/schema.org\",\"@graph\":[{\"@type\":\"WebPage\",\"@id\":\"https:\/\/fundacion-biodiversidad.es\/en\/dissemination-and-awareness-raising\/\",\"url\":\"https:\/\/fundacion-biodiversidad.es\/en\/dissemination-and-awareness-raising\/\",\"name\":\"Dissemination and Awareness - Fundaci\u00f3n Biodiversidad\",\"isPartOf\":{\"@id\":\"https:\/\/fundacion-biodiversidad.es\/en\/#website\"},\"datePublished\":\"2023-01-26T23:01:10+00:00\",\"dateModified\":\"2026-03-27T14:56:39+00:00\",\"description\":\"Environmental dissemination and awareness initiatives carried out by the Biodiversity Foundation through different channels and tools\",\"breadcrumb\":{\"@id\":\"https:\/\/fundacion-biodiversidad.es\/en\/dissemination-and-awareness-raising\/#breadcrumb\"},\"inLanguage\":\"en-US\",\"potentialAction\":[{\"@type\":\"ReadAction\",\"target\":[\"https:\/\/fundacion-biodiversidad.es\/en\/dissemination-and-awareness-raising\/\"]}]},{\"@type\":\"BreadcrumbList\",\"@id\":\"https:\/\/fundacion-biodiversidad.es\/en\/dissemination-and-awareness-raising\/#breadcrumb\",\"itemListElement\":[{\"@type\":\"ListItem\",\"position\":1,\"name\":\"Portada\",\"item\":\"https:\/\/fundacion-biodiversidad.es\/en\/inicio\/\"},{\"@type\":\"ListItem\",\"position\":2,\"name\":\"Dissemination and Awareness\"}]},{\"@type\":\"WebSite\",\"@id\":\"https:\/\/fundacion-biodiversidad.es\/en\/#website\",\"url\":\"https:\/\/fundacion-biodiversidad.es\/en\/\",\"name\":\"Fundaci\u00f3n Biodiversidad\",\"description\":\"Fundaci\u00f3n p\u00fablica adscrita al Ministerio para la Transici\u00f3n Ecol\u00f3gica\",\"potentialAction\":[{\"@type\":\"SearchAction\",\"target\":{\"@type\":\"EntryPoint\",\"urlTemplate\":\"https:\/\/fundacion-biodiversidad.es\/en\/?s={search_term_string}\"},\"query-input\":{\"@type\":\"PropertyValueSpecification\",\"valueRequired\":true,\"valueName\":\"search_term_string\"}}],\"inLanguage\":\"en-US\"}]}<\/script>\n<!-- \/ Yoast SEO plugin. -->","yoast_head_json":{"title":"Dissemination and Awareness - Fundaci\u00f3n Biodiversidad","description":"Environmental dissemination and awareness initiatives carried out by the Biodiversity Foundation through different channels and tools","robots":{"index":"index","follow":"follow","max-snippet":"max-snippet:-1","max-image-preview":"max-image-preview:large","max-video-preview":"max-video-preview:-1"},"canonical":"https:\/\/fundacion-biodiversidad.es\/en\/dissemination-and-awareness-raising\/","og_locale":"en_US","og_type":"article","og_title":"Dissemination and Awareness - Fundaci\u00f3n Biodiversidad","og_description":"Environmental dissemination and awareness initiatives carried out by the Biodiversity Foundation through different channels and tools","og_url":"https:\/\/fundacion-biodiversidad.es\/en\/dissemination-and-awareness-raising\/","og_site_name":"Fundaci\u00f3n Biodiversidad","article_modified_time":"2026-03-27T14:56:39+00:00","og_image":[{"width":2410,"height":1530,"url":"https:\/\/fundacion-biodiversidad.es\/wp-content\/uploads\/2022\/10\/slider-divulgacion.jpg","type":"image\/jpeg"}],"twitter_card":"summary_large_image","twitter_image":"https:\/\/fundacion-biodiversidad.es\/wp-content\/uploads\/2022\/10\/slider-divulgacion.jpg","schema":{"@context":"https:\/\/schema.org","@graph":[{"@type":"WebPage","@id":"https:\/\/fundacion-biodiversidad.es\/en\/dissemination-and-awareness-raising\/","url":"https:\/\/fundacion-biodiversidad.es\/en\/dissemination-and-awareness-raising\/","name":"Dissemination and Awareness - Fundaci\u00f3n Biodiversidad","isPartOf":{"@id":"https:\/\/fundacion-biodiversidad.es\/en\/#website"},"datePublished":"2023-01-26T23:01:10+00:00","dateModified":"2026-03-27T14:56:39+00:00","description":"Environmental dissemination and awareness initiatives carried out by the Biodiversity Foundation through different channels and tools","breadcrumb":{"@id":"https:\/\/fundacion-biodiversidad.es\/en\/dissemination-and-awareness-raising\/#breadcrumb"},"inLanguage":"en-US","potentialAction":[{"@type":"ReadAction","target":["https:\/\/fundacion-biodiversidad.es\/en\/dissemination-and-awareness-raising\/"]}]},{"@type":"BreadcrumbList","@id":"https:\/\/fundacion-biodiversidad.es\/en\/dissemination-and-awareness-raising\/#breadcrumb","itemListElement":[{"@type":"ListItem","position":1,"name":"Portada","item":"https:\/\/fundacion-biodiversidad.es\/en\/inicio\/"},{"@type":"ListItem","position":2,"name":"Dissemination and Awareness"}]},{"@type":"WebSite","@id":"https:\/\/fundacion-biodiversidad.es\/en\/#website","url":"https:\/\/fundacion-biodiversidad.es\/en\/","name":"Fundaci\u00f3n Biodiversidad","description":"Fundaci\u00f3n p\u00fablica adscrita al Ministerio para la Transici\u00f3n Ecol\u00f3gica","potentialAction":[{"@type":"SearchAction","target":{"@type":"EntryPoint","urlTemplate":"https:\/\/fundacion-biodiversidad.es\/en\/?s={search_term_string}"},"query-input":{"@type":"PropertyValueSpecification","valueRequired":true,"valueName":"search_term_string"}}],"inLanguage":"en-US"}]}},"_links":{"self":[{"href":"https:\/\/fundacion-biodiversidad.es\/en\/wp-json\/wp\/v2\/pages\/47052","targetHints":{"allow":["GET"]}}],"collection":[{"href":"https:\/\/fundacion-biodiversidad.es\/en\/wp-json\/wp\/v2\/pages"}],"about":[{"href":"https:\/\/fundacion-biodiversidad.es\/en\/wp-json\/wp\/v2\/types\/page"}],"author":[{"embeddable":true,"href":"https:\/\/fundacion-biodiversidad.es\/en\/wp-json\/wp\/v2\/users\/14"}],"replies":[{"embeddable":true,"href":"https:\/\/fundacion-biodiversidad.es\/en\/wp-json\/wp\/v2\/comments?post=47052"}],"version-history":[{"count":2,"href":"https:\/\/fundacion-biodiversidad.es\/en\/wp-json\/wp\/v2\/pages\/47052\/revisions"}],"predecessor-version":[{"id":97864133,"href":"https:\/\/fundacion-biodiversidad.es\/en\/wp-json\/wp\/v2\/pages\/47052\/revisions\/97864133"}],"wp:attachment":[{"href":"https:\/\/fundacion-biodiversidad.es\/en\/wp-json\/wp\/v2\/media?parent=47052"}],"curies":[{"name":"wp","href":"https:\/\/api.w.org\/{rel}","templated":true}]}}