{"id":47053,"date":"2023-01-27T00:01:01","date_gmt":"2023-01-26T23:01:01","guid":{"rendered":"https:\/\/fundacion-biodiversidad.es\/divulgacion-y-sensibilizacion\/podcasts\/"},"modified":"2026-03-26T17:02:54","modified_gmt":"2026-03-26T16:02:54","slug":"podcast","status":"publish","type":"page","link":"https:\/\/fundacion-biodiversidad.es\/en\/dissemination-and-awareness-raising\/podcast\/","title":{"rendered":"Podcasts"},"content":{"rendered":"","protected":false},"excerpt":{"rendered":"","protected":false},"author":11,"featured_media":0,"parent":47052,"menu_order":3,"comment_status":"closed","ping_status":"closed","template":"page-templates\/podcasts.php","meta":{"_acf_changed":false,"footnotes":""},"class_list":["post-47053","page","type-page","status-publish","hentry"],"acf":[],"yoast_head":"<!-- This site is optimized with the Yoast SEO plugin v26.9 - https:\/\/yoast.com\/product\/yoast-seo-wordpress\/ -->\n<title>Podcasts - Fundaci\u00f3n Biodiversidad<\/title>\n<meta name=\"description\" content=\"Naturally, it is the podcast of the Biodiversity Foundation whose objective is to provide new visions to face environmental challenges\" \/>\n<meta name=\"robots\" content=\"index, follow, max-snippet:-1, max-image-preview:large, max-video-preview:-1\" \/>\n<link rel=\"canonical\" href=\"https:\/\/fundacion-biodiversidad.es\/en\/dissemination-and-awareness-raising\/podcast\/\" \/>\n<meta property=\"og:locale\" content=\"en_US\" \/>\n<meta property=\"og:type\" content=\"article\" \/>\n<meta property=\"og:title\" content=\"Podcasts - Fundaci\u00f3n Biodiversidad\" \/>\n<meta property=\"og:description\" content=\"Naturally, it is the podcast of the Biodiversity Foundation whose objective is to provide new visions to face environmental challenges\" \/>\n<meta property=\"og:url\" content=\"https:\/\/fundacion-biodiversidad.es\/en\/dissemination-and-awareness-raising\/podcast\/\" \/>\n<meta property=\"og:site_name\" content=\"Fundaci\u00f3n Biodiversidad\" \/>\n<meta property=\"article:modified_time\" content=\"2026-03-26T16:02:54+00:00\" \/>\n<meta property=\"og:image\" content=\"https:\/\/fundacion-biodiversidad.es\/wp-content\/uploads\/2022\/12\/Podcast_noticia.png\" \/>\n\t<meta property=\"og:image:width\" content=\"1200\" \/>\n\t<meta property=\"og:image:height\" content=\"628\" \/>\n\t<meta property=\"og:image:type\" content=\"image\/png\" \/>\n<meta name=\"twitter:card\" content=\"summary_large_image\" \/>\n<meta name=\"twitter:image\" content=\"https:\/\/fundacion-biodiversidad.es\/wp-content\/uploads\/2022\/12\/Podcast_noticia.png\" \/>\n<script type=\"application\/ld+json\" class=\"yoast-schema-graph\">{\"@context\":\"https:\/\/schema.org\",\"@graph\":[{\"@type\":\"WebPage\",\"@id\":\"https:\/\/fundacion-biodiversidad.es\/en\/dissemination-and-awareness-raising\/podcast\/\",\"url\":\"https:\/\/fundacion-biodiversidad.es\/en\/dissemination-and-awareness-raising\/podcast\/\",\"name\":\"Podcasts - Fundaci\u00f3n Biodiversidad\",\"isPartOf\":{\"@id\":\"https:\/\/fundacion-biodiversidad.es\/en\/#website\"},\"datePublished\":\"2023-01-26T23:01:01+00:00\",\"dateModified\":\"2026-03-26T16:02:54+00:00\",\"description\":\"Naturally, it is the podcast of the Biodiversity Foundation whose objective is to provide new visions to face environmental challenges\",\"breadcrumb\":{\"@id\":\"https:\/\/fundacion-biodiversidad.es\/en\/dissemination-and-awareness-raising\/podcast\/#breadcrumb\"},\"inLanguage\":\"en-US\",\"potentialAction\":[{\"@type\":\"ReadAction\",\"target\":[\"https:\/\/fundacion-biodiversidad.es\/en\/dissemination-and-awareness-raising\/podcast\/\"]}]},{\"@type\":\"BreadcrumbList\",\"@id\":\"https:\/\/fundacion-biodiversidad.es\/en\/dissemination-and-awareness-raising\/podcast\/#breadcrumb\",\"itemListElement\":[{\"@type\":\"ListItem\",\"position\":1,\"name\":\"Portada\",\"item\":\"https:\/\/fundacion-biodiversidad.es\/en\/inicio\/\"},{\"@type\":\"ListItem\",\"position\":2,\"name\":\"Dissemination and Awareness\",\"item\":\"https:\/\/fundacion-biodiversidad.es\/en\/dissemination-and-awareness-raising\/\"},{\"@type\":\"ListItem\",\"position\":3,\"name\":\"Podcasts\"}]},{\"@type\":\"WebSite\",\"@id\":\"https:\/\/fundacion-biodiversidad.es\/en\/#website\",\"url\":\"https:\/\/fundacion-biodiversidad.es\/en\/\",\"name\":\"Fundaci\u00f3n Biodiversidad\",\"description\":\"Fundaci\u00f3n p\u00fablica adscrita al Ministerio para la Transici\u00f3n Ecol\u00f3gica\",\"potentialAction\":[{\"@type\":\"SearchAction\",\"target\":{\"@type\":\"EntryPoint\",\"urlTemplate\":\"https:\/\/fundacion-biodiversidad.es\/en\/?s={search_term_string}\"},\"query-input\":{\"@type\":\"PropertyValueSpecification\",\"valueRequired\":true,\"valueName\":\"search_term_string\"}}],\"inLanguage\":\"en-US\"}]}<\/script>\n<!-- \/ Yoast SEO plugin. -->","yoast_head_json":{"title":"Podcasts - Fundaci\u00f3n Biodiversidad","description":"Naturally, it is the podcast of the Biodiversity Foundation whose objective is to provide new visions to face environmental challenges","robots":{"index":"index","follow":"follow","max-snippet":"max-snippet:-1","max-image-preview":"max-image-preview:large","max-video-preview":"max-video-preview:-1"},"canonical":"https:\/\/fundacion-biodiversidad.es\/en\/dissemination-and-awareness-raising\/podcast\/","og_locale":"en_US","og_type":"article","og_title":"Podcasts - Fundaci\u00f3n Biodiversidad","og_description":"Naturally, it is the podcast of the Biodiversity Foundation whose objective is to provide new visions to face environmental challenges","og_url":"https:\/\/fundacion-biodiversidad.es\/en\/dissemination-and-awareness-raising\/podcast\/","og_site_name":"Fundaci\u00f3n Biodiversidad","article_modified_time":"2026-03-26T16:02:54+00:00","og_image":[{"width":1200,"height":628,"url":"https:\/\/fundacion-biodiversidad.es\/wp-content\/uploads\/2022\/12\/Podcast_noticia.png","type":"image\/png"}],"twitter_card":"summary_large_image","twitter_image":"https:\/\/fundacion-biodiversidad.es\/wp-content\/uploads\/2022\/12\/Podcast_noticia.png","schema":{"@context":"https:\/\/schema.org","@graph":[{"@type":"WebPage","@id":"https:\/\/fundacion-biodiversidad.es\/en\/dissemination-and-awareness-raising\/podcast\/","url":"https:\/\/fundacion-biodiversidad.es\/en\/dissemination-and-awareness-raising\/podcast\/","name":"Podcasts - Fundaci\u00f3n Biodiversidad","isPartOf":{"@id":"https:\/\/fundacion-biodiversidad.es\/en\/#website"},"datePublished":"2023-01-26T23:01:01+00:00","dateModified":"2026-03-26T16:02:54+00:00","description":"Naturally, it is the podcast of the Biodiversity Foundation whose objective is to provide new visions to face environmental challenges","breadcrumb":{"@id":"https:\/\/fundacion-biodiversidad.es\/en\/dissemination-and-awareness-raising\/podcast\/#breadcrumb"},"inLanguage":"en-US","potentialAction":[{"@type":"ReadAction","target":["https:\/\/fundacion-biodiversidad.es\/en\/dissemination-and-awareness-raising\/podcast\/"]}]},{"@type":"BreadcrumbList","@id":"https:\/\/fundacion-biodiversidad.es\/en\/dissemination-and-awareness-raising\/podcast\/#breadcrumb","itemListElement":[{"@type":"ListItem","position":1,"name":"Portada","item":"https:\/\/fundacion-biodiversidad.es\/en\/inicio\/"},{"@type":"ListItem","position":2,"name":"Dissemination and Awareness","item":"https:\/\/fundacion-biodiversidad.es\/en\/dissemination-and-awareness-raising\/"},{"@type":"ListItem","position":3,"name":"Podcasts"}]},{"@type":"WebSite","@id":"https:\/\/fundacion-biodiversidad.es\/en\/#website","url":"https:\/\/fundacion-biodiversidad.es\/en\/","name":"Fundaci\u00f3n Biodiversidad","description":"Fundaci\u00f3n p\u00fablica adscrita al Ministerio para la Transici\u00f3n Ecol\u00f3gica","potentialAction":[{"@type":"SearchAction","target":{"@type":"EntryPoint","urlTemplate":"https:\/\/fundacion-biodiversidad.es\/en\/?s={search_term_string}"},"query-input":{"@type":"PropertyValueSpecification","valueRequired":true,"valueName":"search_term_string"}}],"inLanguage":"en-US"}]}},"_links":{"self":[{"href":"https:\/\/fundacion-biodiversidad.es\/en\/wp-json\/wp\/v2\/pages\/47053","targetHints":{"allow":["GET"]}}],"collection":[{"href":"https:\/\/fundacion-biodiversidad.es\/en\/wp-json\/wp\/v2\/pages"}],"about":[{"href":"https:\/\/fundacion-biodiversidad.es\/en\/wp-json\/wp\/v2\/types\/page"}],"author":[{"embeddable":true,"href":"https:\/\/fundacion-biodiversidad.es\/en\/wp-json\/wp\/v2\/users\/11"}],"replies":[{"embeddable":true,"href":"https:\/\/fundacion-biodiversidad.es\/en\/wp-json\/wp\/v2\/comments?post=47053"}],"version-history":[{"count":4,"href":"https:\/\/fundacion-biodiversidad.es\/en\/wp-json\/wp\/v2\/pages\/47053\/revisions"}],"predecessor-version":[{"id":97864132,"href":"https:\/\/fundacion-biodiversidad.es\/en\/wp-json\/wp\/v2\/pages\/47053\/revisions\/97864132"}],"up":[{"embeddable":true,"href":"https:\/\/fundacion-biodiversidad.es\/en\/wp-json\/wp\/v2\/pages\/47052"}],"wp:attachment":[{"href":"https:\/\/fundacion-biodiversidad.es\/en\/wp-json\/wp\/v2\/media?parent=47053"}],"curies":[{"name":"wp","href":"https:\/\/api.w.org\/{rel}","templated":true}]}}