{"id":47067,"date":"2022-11-02T04:39:48","date_gmt":"2022-11-02T03:39:48","guid":{"rendered":"https:\/\/fundacion-biodiversidad.es\/ecosistemas-terrestres\/"},"modified":"2026-02-12T10:26:38","modified_gmt":"2026-02-12T09:26:38","slug":"terrestrial-ecosystems","status":"publish","type":"page","link":"https:\/\/fundacion-biodiversidad.es\/en\/focus-areas\/terrestrial-ecosystems\/","title":{"rendered":"Terrestrial Ecosystems"},"content":{"rendered":"","protected":false},"excerpt":{"rendered":"","protected":false},"author":11,"featured_media":0,"parent":47091,"menu_order":0,"comment_status":"closed","ping_status":"closed","template":"page-templates\/ecosistemas_terrestres.php","meta":{"_acf_changed":false,"footnotes":""},"class_list":["post-47067","page","type-page","status-publish","hentry"],"acf":[],"yoast_head":"<!-- This site is optimized with the Yoast SEO plugin v26.9 - https:\/\/yoast.com\/product\/yoast-seo-wordpress\/ -->\n<title>Terrestrial Ecosystems - Fundaci\u00f3n Biodiversidad<\/title>\n<meta name=\"description\" content=\"Biodiversity Foundation works for the conservation and restoration of terrestrial ecosystems, the bioeconomy and green jobs\" \/>\n<meta name=\"robots\" content=\"index, follow, max-snippet:-1, max-image-preview:large, max-video-preview:-1\" \/>\n<link rel=\"canonical\" href=\"https:\/\/fundacion-biodiversidad.es\/en\/focus-areas\/terrestrial-ecosystems\/\" \/>\n<meta property=\"og:locale\" content=\"en_US\" \/>\n<meta property=\"og:type\" content=\"article\" \/>\n<meta property=\"og:title\" content=\"Terrestrial Ecosystems - Fundaci\u00f3n Biodiversidad\" \/>\n<meta property=\"og:description\" content=\"Biodiversity Foundation works for the conservation and restoration of terrestrial ecosystems, the bioeconomy and green jobs\" \/>\n<meta property=\"og:url\" content=\"https:\/\/fundacion-biodiversidad.es\/en\/focus-areas\/terrestrial-ecosystems\/\" \/>\n<meta property=\"og:site_name\" content=\"Fundaci\u00f3n Biodiversidad\" \/>\n<meta property=\"article:modified_time\" content=\"2026-02-12T09:26:38+00:00\" \/>\n<meta property=\"og:image\" content=\"https:\/\/fundacion-biodiversidad.es\/wp-content\/uploads\/2022\/11\/cerceta-pardilla-lineas.jpg\" \/>\n\t<meta property=\"og:image:width\" content=\"1069\" \/>\n\t<meta property=\"og:image:height\" content=\"668\" \/>\n\t<meta property=\"og:image:type\" content=\"image\/jpeg\" \/>\n<meta name=\"twitter:card\" content=\"summary_large_image\" \/>\n<meta name=\"twitter:image\" content=\"https:\/\/fundacion-biodiversidad.es\/wp-content\/uploads\/2022\/11\/cerceta-pardilla-lineas.jpg\" \/>\n<script type=\"application\/ld+json\" class=\"yoast-schema-graph\">{\"@context\":\"https:\/\/schema.org\",\"@graph\":[{\"@type\":\"WebPage\",\"@id\":\"https:\/\/fundacion-biodiversidad.es\/en\/focus-areas\/terrestrial-ecosystems\/\",\"url\":\"https:\/\/fundacion-biodiversidad.es\/en\/focus-areas\/terrestrial-ecosystems\/\",\"name\":\"Terrestrial Ecosystems - Fundaci\u00f3n Biodiversidad\",\"isPartOf\":{\"@id\":\"https:\/\/fundacion-biodiversidad.es\/en\/#website\"},\"datePublished\":\"2022-11-02T03:39:48+00:00\",\"dateModified\":\"2026-02-12T09:26:38+00:00\",\"description\":\"Biodiversity Foundation works for the conservation and restoration of terrestrial ecosystems, the bioeconomy and green jobs\",\"breadcrumb\":{\"@id\":\"https:\/\/fundacion-biodiversidad.es\/en\/focus-areas\/terrestrial-ecosystems\/#breadcrumb\"},\"inLanguage\":\"en-US\",\"potentialAction\":[{\"@type\":\"ReadAction\",\"target\":[\"https:\/\/fundacion-biodiversidad.es\/en\/focus-areas\/terrestrial-ecosystems\/\"]}]},{\"@type\":\"BreadcrumbList\",\"@id\":\"https:\/\/fundacion-biodiversidad.es\/en\/focus-areas\/terrestrial-ecosystems\/#breadcrumb\",\"itemListElement\":[{\"@type\":\"ListItem\",\"position\":1,\"name\":\"Portada\",\"item\":\"https:\/\/fundacion-biodiversidad.es\/en\/inicio\/\"},{\"@type\":\"ListItem\",\"position\":2,\"name\":\"Lines of action\",\"item\":\"https:\/\/fundacion-biodiversidad.es\/en\/focus-areas\/\"},{\"@type\":\"ListItem\",\"position\":3,\"name\":\"Terrestrial Ecosystems\"}]},{\"@type\":\"WebSite\",\"@id\":\"https:\/\/fundacion-biodiversidad.es\/en\/#website\",\"url\":\"https:\/\/fundacion-biodiversidad.es\/en\/\",\"name\":\"Fundaci\u00f3n Biodiversidad\",\"description\":\"Fundaci\u00f3n p\u00fablica adscrita al Ministerio para la Transici\u00f3n Ecol\u00f3gica\",\"potentialAction\":[{\"@type\":\"SearchAction\",\"target\":{\"@type\":\"EntryPoint\",\"urlTemplate\":\"https:\/\/fundacion-biodiversidad.es\/en\/?s={search_term_string}\"},\"query-input\":{\"@type\":\"PropertyValueSpecification\",\"valueRequired\":true,\"valueName\":\"search_term_string\"}}],\"inLanguage\":\"en-US\"}]}<\/script>\n<!-- \/ Yoast SEO plugin. -->","yoast_head_json":{"title":"Terrestrial Ecosystems - Fundaci\u00f3n Biodiversidad","description":"Biodiversity Foundation works for the conservation and restoration of terrestrial ecosystems, the bioeconomy and green jobs","robots":{"index":"index","follow":"follow","max-snippet":"max-snippet:-1","max-image-preview":"max-image-preview:large","max-video-preview":"max-video-preview:-1"},"canonical":"https:\/\/fundacion-biodiversidad.es\/en\/focus-areas\/terrestrial-ecosystems\/","og_locale":"en_US","og_type":"article","og_title":"Terrestrial Ecosystems - Fundaci\u00f3n Biodiversidad","og_description":"Biodiversity Foundation works for the conservation and restoration of terrestrial ecosystems, the bioeconomy and green jobs","og_url":"https:\/\/fundacion-biodiversidad.es\/en\/focus-areas\/terrestrial-ecosystems\/","og_site_name":"Fundaci\u00f3n Biodiversidad","article_modified_time":"2026-02-12T09:26:38+00:00","og_image":[{"width":1069,"height":668,"url":"https:\/\/fundacion-biodiversidad.es\/wp-content\/uploads\/2022\/11\/cerceta-pardilla-lineas.jpg","type":"image\/jpeg"}],"twitter_card":"summary_large_image","twitter_image":"https:\/\/fundacion-biodiversidad.es\/wp-content\/uploads\/2022\/11\/cerceta-pardilla-lineas.jpg","schema":{"@context":"https:\/\/schema.org","@graph":[{"@type":"WebPage","@id":"https:\/\/fundacion-biodiversidad.es\/en\/focus-areas\/terrestrial-ecosystems\/","url":"https:\/\/fundacion-biodiversidad.es\/en\/focus-areas\/terrestrial-ecosystems\/","name":"Terrestrial Ecosystems - Fundaci\u00f3n Biodiversidad","isPartOf":{"@id":"https:\/\/fundacion-biodiversidad.es\/en\/#website"},"datePublished":"2022-11-02T03:39:48+00:00","dateModified":"2026-02-12T09:26:38+00:00","description":"Biodiversity Foundation works for the conservation and restoration of terrestrial ecosystems, the bioeconomy and green jobs","breadcrumb":{"@id":"https:\/\/fundacion-biodiversidad.es\/en\/focus-areas\/terrestrial-ecosystems\/#breadcrumb"},"inLanguage":"en-US","potentialAction":[{"@type":"ReadAction","target":["https:\/\/fundacion-biodiversidad.es\/en\/focus-areas\/terrestrial-ecosystems\/"]}]},{"@type":"BreadcrumbList","@id":"https:\/\/fundacion-biodiversidad.es\/en\/focus-areas\/terrestrial-ecosystems\/#breadcrumb","itemListElement":[{"@type":"ListItem","position":1,"name":"Portada","item":"https:\/\/fundacion-biodiversidad.es\/en\/inicio\/"},{"@type":"ListItem","position":2,"name":"Lines of action","item":"https:\/\/fundacion-biodiversidad.es\/en\/focus-areas\/"},{"@type":"ListItem","position":3,"name":"Terrestrial Ecosystems"}]},{"@type":"WebSite","@id":"https:\/\/fundacion-biodiversidad.es\/en\/#website","url":"https:\/\/fundacion-biodiversidad.es\/en\/","name":"Fundaci\u00f3n Biodiversidad","description":"Fundaci\u00f3n p\u00fablica adscrita al Ministerio para la Transici\u00f3n Ecol\u00f3gica","potentialAction":[{"@type":"SearchAction","target":{"@type":"EntryPoint","urlTemplate":"https:\/\/fundacion-biodiversidad.es\/en\/?s={search_term_string}"},"query-input":{"@type":"PropertyValueSpecification","valueRequired":true,"valueName":"search_term_string"}}],"inLanguage":"en-US"}]}},"_links":{"self":[{"href":"https:\/\/fundacion-biodiversidad.es\/en\/wp-json\/wp\/v2\/pages\/47067","targetHints":{"allow":["GET"]}}],"collection":[{"href":"https:\/\/fundacion-biodiversidad.es\/en\/wp-json\/wp\/v2\/pages"}],"about":[{"href":"https:\/\/fundacion-biodiversidad.es\/en\/wp-json\/wp\/v2\/types\/page"}],"author":[{"embeddable":true,"href":"https:\/\/fundacion-biodiversidad.es\/en\/wp-json\/wp\/v2\/users\/11"}],"replies":[{"embeddable":true,"href":"https:\/\/fundacion-biodiversidad.es\/en\/wp-json\/wp\/v2\/comments?post=47067"}],"version-history":[{"count":1,"href":"https:\/\/fundacion-biodiversidad.es\/en\/wp-json\/wp\/v2\/pages\/47067\/revisions"}],"predecessor-version":[{"id":97856148,"href":"https:\/\/fundacion-biodiversidad.es\/en\/wp-json\/wp\/v2\/pages\/47067\/revisions\/97856148"}],"up":[{"embeddable":true,"href":"https:\/\/fundacion-biodiversidad.es\/en\/wp-json\/wp\/v2\/pages\/47091"}],"wp:attachment":[{"href":"https:\/\/fundacion-biodiversidad.es\/en\/wp-json\/wp\/v2\/media?parent=47067"}],"curies":[{"name":"wp","href":"https:\/\/api.w.org\/{rel}","templated":true}]}}