{"id":47073,"date":"2022-10-11T01:05:07","date_gmt":"2022-10-10T23:05:07","guid":{"rendered":"https:\/\/fundacion-biodiversidad.es\/memorias-de-actividades\/"},"modified":"2026-02-12T11:00:33","modified_gmt":"2026-02-12T10:00:33","slug":"activity-reports","status":"publish","type":"page","link":"https:\/\/fundacion-biodiversidad.es\/en\/communications\/activity-reports\/","title":{"rendered":"Activity reports"},"content":{"rendered":"","protected":false},"excerpt":{"rendered":"","protected":false},"author":11,"featured_media":0,"parent":47079,"menu_order":3,"comment_status":"closed","ping_status":"closed","template":"page-templates\/memorias.php","meta":{"_acf_changed":false,"footnotes":""},"class_list":["post-47073","page","type-page","status-publish","hentry"],"acf":[],"yoast_head":"<!-- This site is optimized with the Yoast SEO plugin v26.9 - https:\/\/yoast.com\/product\/yoast-seo-wordpress\/ -->\n<title>Activity reports - Fundaci\u00f3n Biodiversidad<\/title>\n<meta name=\"description\" content=\"Compilation of the Biodiversity Foundation&#039;s Activity reports from 2003 to today\" \/>\n<meta name=\"robots\" content=\"index, follow, max-snippet:-1, max-image-preview:large, max-video-preview:-1\" \/>\n<link rel=\"canonical\" href=\"https:\/\/fundacion-biodiversidad.es\/en\/communications\/activity-reports\/\" \/>\n<meta property=\"og:locale\" content=\"en_US\" \/>\n<meta property=\"og:type\" content=\"article\" \/>\n<meta property=\"og:title\" content=\"Activity reports - Fundaci\u00f3n Biodiversidad\" \/>\n<meta property=\"og:description\" content=\"Compilation of the Biodiversity Foundation&#039;s Activity reports from 2003 to today\" \/>\n<meta property=\"og:url\" content=\"https:\/\/fundacion-biodiversidad.es\/en\/communications\/activity-reports\/\" \/>\n<meta property=\"og:site_name\" content=\"Fundaci\u00f3n Biodiversidad\" \/>\n<meta property=\"article:modified_time\" content=\"2026-02-12T10:00:33+00:00\" \/>\n<meta property=\"og:image\" content=\"https:\/\/fundacion-biodiversidad.es\/wp-content\/uploads\/2022\/10\/fondo-sec1-2.jpg\" \/>\n\t<meta property=\"og:image:width\" content=\"3840\" \/>\n\t<meta property=\"og:image:height\" content=\"1906\" \/>\n\t<meta property=\"og:image:type\" content=\"image\/jpeg\" \/>\n<meta name=\"twitter:card\" content=\"summary_large_image\" \/>\n<meta name=\"twitter:image\" content=\"https:\/\/fundacion-biodiversidad.es\/wp-content\/uploads\/2022\/10\/fondo-sec1-2.jpg\" \/>\n<script type=\"application\/ld+json\" class=\"yoast-schema-graph\">{\"@context\":\"https:\/\/schema.org\",\"@graph\":[{\"@type\":\"WebPage\",\"@id\":\"https:\/\/fundacion-biodiversidad.es\/en\/communications\/activity-reports\/\",\"url\":\"https:\/\/fundacion-biodiversidad.es\/en\/communications\/activity-reports\/\",\"name\":\"Activity reports - Fundaci\u00f3n Biodiversidad\",\"isPartOf\":{\"@id\":\"https:\/\/fundacion-biodiversidad.es\/en\/#website\"},\"datePublished\":\"2022-10-10T23:05:07+00:00\",\"dateModified\":\"2026-02-12T10:00:33+00:00\",\"description\":\"Compilation of the Biodiversity Foundation's Activity reports from 2003 to today\",\"breadcrumb\":{\"@id\":\"https:\/\/fundacion-biodiversidad.es\/en\/communications\/activity-reports\/#breadcrumb\"},\"inLanguage\":\"en-US\",\"potentialAction\":[{\"@type\":\"ReadAction\",\"target\":[\"https:\/\/fundacion-biodiversidad.es\/en\/communications\/activity-reports\/\"]}]},{\"@type\":\"BreadcrumbList\",\"@id\":\"https:\/\/fundacion-biodiversidad.es\/en\/communications\/activity-reports\/#breadcrumb\",\"itemListElement\":[{\"@type\":\"ListItem\",\"position\":1,\"name\":\"Portada\",\"item\":\"https:\/\/fundacion-biodiversidad.es\/en\/inicio\/\"},{\"@type\":\"ListItem\",\"position\":2,\"name\":\"Communication\",\"item\":\"https:\/\/fundacion-biodiversidad.es\/en\/communications\/\"},{\"@type\":\"ListItem\",\"position\":3,\"name\":\"Activity reports\"}]},{\"@type\":\"WebSite\",\"@id\":\"https:\/\/fundacion-biodiversidad.es\/en\/#website\",\"url\":\"https:\/\/fundacion-biodiversidad.es\/en\/\",\"name\":\"Fundaci\u00f3n Biodiversidad\",\"description\":\"Fundaci\u00f3n p\u00fablica adscrita al Ministerio para la Transici\u00f3n Ecol\u00f3gica\",\"potentialAction\":[{\"@type\":\"SearchAction\",\"target\":{\"@type\":\"EntryPoint\",\"urlTemplate\":\"https:\/\/fundacion-biodiversidad.es\/en\/?s={search_term_string}\"},\"query-input\":{\"@type\":\"PropertyValueSpecification\",\"valueRequired\":true,\"valueName\":\"search_term_string\"}}],\"inLanguage\":\"en-US\"}]}<\/script>\n<!-- \/ Yoast SEO plugin. -->","yoast_head_json":{"title":"Activity reports - Fundaci\u00f3n Biodiversidad","description":"Compilation of the Biodiversity Foundation's Activity reports from 2003 to today","robots":{"index":"index","follow":"follow","max-snippet":"max-snippet:-1","max-image-preview":"max-image-preview:large","max-video-preview":"max-video-preview:-1"},"canonical":"https:\/\/fundacion-biodiversidad.es\/en\/communications\/activity-reports\/","og_locale":"en_US","og_type":"article","og_title":"Activity reports - Fundaci\u00f3n Biodiversidad","og_description":"Compilation of the Biodiversity Foundation's Activity reports from 2003 to today","og_url":"https:\/\/fundacion-biodiversidad.es\/en\/communications\/activity-reports\/","og_site_name":"Fundaci\u00f3n Biodiversidad","article_modified_time":"2026-02-12T10:00:33+00:00","og_image":[{"width":3840,"height":1906,"url":"https:\/\/fundacion-biodiversidad.es\/wp-content\/uploads\/2022\/10\/fondo-sec1-2.jpg","type":"image\/jpeg"}],"twitter_card":"summary_large_image","twitter_image":"https:\/\/fundacion-biodiversidad.es\/wp-content\/uploads\/2022\/10\/fondo-sec1-2.jpg","schema":{"@context":"https:\/\/schema.org","@graph":[{"@type":"WebPage","@id":"https:\/\/fundacion-biodiversidad.es\/en\/communications\/activity-reports\/","url":"https:\/\/fundacion-biodiversidad.es\/en\/communications\/activity-reports\/","name":"Activity reports - Fundaci\u00f3n Biodiversidad","isPartOf":{"@id":"https:\/\/fundacion-biodiversidad.es\/en\/#website"},"datePublished":"2022-10-10T23:05:07+00:00","dateModified":"2026-02-12T10:00:33+00:00","description":"Compilation of the Biodiversity Foundation's Activity reports from 2003 to today","breadcrumb":{"@id":"https:\/\/fundacion-biodiversidad.es\/en\/communications\/activity-reports\/#breadcrumb"},"inLanguage":"en-US","potentialAction":[{"@type":"ReadAction","target":["https:\/\/fundacion-biodiversidad.es\/en\/communications\/activity-reports\/"]}]},{"@type":"BreadcrumbList","@id":"https:\/\/fundacion-biodiversidad.es\/en\/communications\/activity-reports\/#breadcrumb","itemListElement":[{"@type":"ListItem","position":1,"name":"Portada","item":"https:\/\/fundacion-biodiversidad.es\/en\/inicio\/"},{"@type":"ListItem","position":2,"name":"Communication","item":"https:\/\/fundacion-biodiversidad.es\/en\/communications\/"},{"@type":"ListItem","position":3,"name":"Activity reports"}]},{"@type":"WebSite","@id":"https:\/\/fundacion-biodiversidad.es\/en\/#website","url":"https:\/\/fundacion-biodiversidad.es\/en\/","name":"Fundaci\u00f3n Biodiversidad","description":"Fundaci\u00f3n p\u00fablica adscrita al Ministerio para la Transici\u00f3n Ecol\u00f3gica","potentialAction":[{"@type":"SearchAction","target":{"@type":"EntryPoint","urlTemplate":"https:\/\/fundacion-biodiversidad.es\/en\/?s={search_term_string}"},"query-input":{"@type":"PropertyValueSpecification","valueRequired":true,"valueName":"search_term_string"}}],"inLanguage":"en-US"}]}},"_links":{"self":[{"href":"https:\/\/fundacion-biodiversidad.es\/en\/wp-json\/wp\/v2\/pages\/47073","targetHints":{"allow":["GET"]}}],"collection":[{"href":"https:\/\/fundacion-biodiversidad.es\/en\/wp-json\/wp\/v2\/pages"}],"about":[{"href":"https:\/\/fundacion-biodiversidad.es\/en\/wp-json\/wp\/v2\/types\/page"}],"author":[{"embeddable":true,"href":"https:\/\/fundacion-biodiversidad.es\/en\/wp-json\/wp\/v2\/users\/11"}],"replies":[{"embeddable":true,"href":"https:\/\/fundacion-biodiversidad.es\/en\/wp-json\/wp\/v2\/comments?post=47073"}],"version-history":[{"count":1,"href":"https:\/\/fundacion-biodiversidad.es\/en\/wp-json\/wp\/v2\/pages\/47073\/revisions"}],"predecessor-version":[{"id":97872486,"href":"https:\/\/fundacion-biodiversidad.es\/en\/wp-json\/wp\/v2\/pages\/47073\/revisions\/97872486"}],"up":[{"embeddable":true,"href":"https:\/\/fundacion-biodiversidad.es\/en\/wp-json\/wp\/v2\/pages\/47079"}],"wp:attachment":[{"href":"https:\/\/fundacion-biodiversidad.es\/en\/wp-json\/wp\/v2\/media?parent=47073"}],"curies":[{"name":"wp","href":"https:\/\/api.w.org\/{rel}","templated":true}]}}