{"id":47081,"date":"2022-09-15T13:39:39","date_gmt":"2022-09-15T11:39:39","guid":{"rendered":"https:\/\/fundacion-biodiversidad.es\/formacion-y-empleo\/"},"modified":"2026-04-16T17:40:56","modified_gmt":"2026-04-16T15:40:56","slug":"training-and-employment","status":"publish","type":"page","link":"https:\/\/fundacion-biodiversidad.es\/en\/training-and-employment\/","title":{"rendered":"Training and Employment"},"content":{"rendered":"","protected":false},"excerpt":{"rendered":"","protected":false},"author":11,"featured_media":0,"parent":0,"menu_order":2,"comment_status":"closed","ping_status":"closed","template":"page-templates\/formacion-empleo.php","meta":{"_acf_changed":false,"footnotes":""},"class_list":["post-47081","page","type-page","status-publish","hentry"],"acf":[],"yoast_head":"<!-- This site is optimized with the Yoast SEO plugin v26.9 - https:\/\/yoast.com\/product\/yoast-seo-wordpress\/ -->\n<title>Training and Employment - Fundaci\u00f3n Biodiversidad<\/title>\n<meta name=\"description\" content=\"List of job offers and scholarships to become part of and collaborate with the Biodiversity Foundation in its activity\" \/>\n<meta name=\"robots\" content=\"index, follow, max-snippet:-1, max-image-preview:large, max-video-preview:-1\" \/>\n<link rel=\"canonical\" href=\"https:\/\/fundacion-biodiversidad.es\/en\/training-and-employment\/\" \/>\n<meta property=\"og:locale\" content=\"en_US\" \/>\n<meta property=\"og:type\" content=\"article\" \/>\n<meta property=\"og:title\" content=\"Training and Employment - Fundaci\u00f3n Biodiversidad\" \/>\n<meta property=\"og:description\" content=\"List of job offers and scholarships to become part of and collaborate with the Biodiversity Foundation in its activity\" \/>\n<meta property=\"og:url\" content=\"https:\/\/fundacion-biodiversidad.es\/en\/training-and-employment\/\" \/>\n<meta property=\"og:site_name\" content=\"Fundaci\u00f3n Biodiversidad\" \/>\n<meta property=\"article:modified_time\" content=\"2026-04-16T15:40:56+00:00\" \/>\n<meta property=\"og:image\" content=\"https:\/\/fundacion-biodiversidad.es\/wp-content\/uploads\/2022\/10\/slider-formacion.jpg\" \/>\n\t<meta property=\"og:image:width\" content=\"2410\" \/>\n\t<meta property=\"og:image:height\" content=\"1530\" \/>\n\t<meta property=\"og:image:type\" content=\"image\/jpeg\" \/>\n<meta name=\"twitter:card\" content=\"summary_large_image\" \/>\n<meta name=\"twitter:image\" content=\"https:\/\/fundacion-biodiversidad.es\/wp-content\/uploads\/2022\/10\/slider-formacion.jpg\" \/>\n<script type=\"application\/ld+json\" class=\"yoast-schema-graph\">{\"@context\":\"https:\/\/schema.org\",\"@graph\":[{\"@type\":\"WebPage\",\"@id\":\"https:\/\/fundacion-biodiversidad.es\/en\/training-and-employment\/\",\"url\":\"https:\/\/fundacion-biodiversidad.es\/en\/training-and-employment\/\",\"name\":\"Training and Employment - Fundaci\u00f3n Biodiversidad\",\"isPartOf\":{\"@id\":\"https:\/\/fundacion-biodiversidad.es\/en\/#website\"},\"datePublished\":\"2022-09-15T11:39:39+00:00\",\"dateModified\":\"2026-04-16T15:40:56+00:00\",\"description\":\"List of job offers and scholarships to become part of and collaborate with the Biodiversity Foundation in its activity\",\"breadcrumb\":{\"@id\":\"https:\/\/fundacion-biodiversidad.es\/en\/training-and-employment\/#breadcrumb\"},\"inLanguage\":\"en-US\",\"potentialAction\":[{\"@type\":\"ReadAction\",\"target\":[\"https:\/\/fundacion-biodiversidad.es\/en\/training-and-employment\/\"]}]},{\"@type\":\"BreadcrumbList\",\"@id\":\"https:\/\/fundacion-biodiversidad.es\/en\/training-and-employment\/#breadcrumb\",\"itemListElement\":[{\"@type\":\"ListItem\",\"position\":1,\"name\":\"Portada\",\"item\":\"https:\/\/fundacion-biodiversidad.es\/en\/inicio\/\"},{\"@type\":\"ListItem\",\"position\":2,\"name\":\"Training and Employment\"}]},{\"@type\":\"WebSite\",\"@id\":\"https:\/\/fundacion-biodiversidad.es\/en\/#website\",\"url\":\"https:\/\/fundacion-biodiversidad.es\/en\/\",\"name\":\"Fundaci\u00f3n Biodiversidad\",\"description\":\"Fundaci\u00f3n p\u00fablica adscrita al Ministerio para la Transici\u00f3n Ecol\u00f3gica\",\"potentialAction\":[{\"@type\":\"SearchAction\",\"target\":{\"@type\":\"EntryPoint\",\"urlTemplate\":\"https:\/\/fundacion-biodiversidad.es\/en\/?s={search_term_string}\"},\"query-input\":{\"@type\":\"PropertyValueSpecification\",\"valueRequired\":true,\"valueName\":\"search_term_string\"}}],\"inLanguage\":\"en-US\"}]}<\/script>\n<!-- \/ Yoast SEO plugin. -->","yoast_head_json":{"title":"Training and Employment - Fundaci\u00f3n Biodiversidad","description":"List of job offers and scholarships to become part of and collaborate with the Biodiversity Foundation in its activity","robots":{"index":"index","follow":"follow","max-snippet":"max-snippet:-1","max-image-preview":"max-image-preview:large","max-video-preview":"max-video-preview:-1"},"canonical":"https:\/\/fundacion-biodiversidad.es\/en\/training-and-employment\/","og_locale":"en_US","og_type":"article","og_title":"Training and Employment - Fundaci\u00f3n Biodiversidad","og_description":"List of job offers and scholarships to become part of and collaborate with the Biodiversity Foundation in its activity","og_url":"https:\/\/fundacion-biodiversidad.es\/en\/training-and-employment\/","og_site_name":"Fundaci\u00f3n Biodiversidad","article_modified_time":"2026-04-16T15:40:56+00:00","og_image":[{"width":2410,"height":1530,"url":"https:\/\/fundacion-biodiversidad.es\/wp-content\/uploads\/2022\/10\/slider-formacion.jpg","type":"image\/jpeg"}],"twitter_card":"summary_large_image","twitter_image":"https:\/\/fundacion-biodiversidad.es\/wp-content\/uploads\/2022\/10\/slider-formacion.jpg","schema":{"@context":"https:\/\/schema.org","@graph":[{"@type":"WebPage","@id":"https:\/\/fundacion-biodiversidad.es\/en\/training-and-employment\/","url":"https:\/\/fundacion-biodiversidad.es\/en\/training-and-employment\/","name":"Training and Employment - Fundaci\u00f3n Biodiversidad","isPartOf":{"@id":"https:\/\/fundacion-biodiversidad.es\/en\/#website"},"datePublished":"2022-09-15T11:39:39+00:00","dateModified":"2026-04-16T15:40:56+00:00","description":"List of job offers and scholarships to become part of and collaborate with the Biodiversity Foundation in its activity","breadcrumb":{"@id":"https:\/\/fundacion-biodiversidad.es\/en\/training-and-employment\/#breadcrumb"},"inLanguage":"en-US","potentialAction":[{"@type":"ReadAction","target":["https:\/\/fundacion-biodiversidad.es\/en\/training-and-employment\/"]}]},{"@type":"BreadcrumbList","@id":"https:\/\/fundacion-biodiversidad.es\/en\/training-and-employment\/#breadcrumb","itemListElement":[{"@type":"ListItem","position":1,"name":"Portada","item":"https:\/\/fundacion-biodiversidad.es\/en\/inicio\/"},{"@type":"ListItem","position":2,"name":"Training and Employment"}]},{"@type":"WebSite","@id":"https:\/\/fundacion-biodiversidad.es\/en\/#website","url":"https:\/\/fundacion-biodiversidad.es\/en\/","name":"Fundaci\u00f3n Biodiversidad","description":"Fundaci\u00f3n p\u00fablica adscrita al Ministerio para la Transici\u00f3n Ecol\u00f3gica","potentialAction":[{"@type":"SearchAction","target":{"@type":"EntryPoint","urlTemplate":"https:\/\/fundacion-biodiversidad.es\/en\/?s={search_term_string}"},"query-input":{"@type":"PropertyValueSpecification","valueRequired":true,"valueName":"search_term_string"}}],"inLanguage":"en-US"}]}},"_links":{"self":[{"href":"https:\/\/fundacion-biodiversidad.es\/en\/wp-json\/wp\/v2\/pages\/47081","targetHints":{"allow":["GET"]}}],"collection":[{"href":"https:\/\/fundacion-biodiversidad.es\/en\/wp-json\/wp\/v2\/pages"}],"about":[{"href":"https:\/\/fundacion-biodiversidad.es\/en\/wp-json\/wp\/v2\/types\/page"}],"author":[{"embeddable":true,"href":"https:\/\/fundacion-biodiversidad.es\/en\/wp-json\/wp\/v2\/users\/11"}],"replies":[{"embeddable":true,"href":"https:\/\/fundacion-biodiversidad.es\/en\/wp-json\/wp\/v2\/comments?post=47081"}],"version-history":[{"count":2,"href":"https:\/\/fundacion-biodiversidad.es\/en\/wp-json\/wp\/v2\/pages\/47081\/revisions"}],"predecessor-version":[{"id":97872857,"href":"https:\/\/fundacion-biodiversidad.es\/en\/wp-json\/wp\/v2\/pages\/47081\/revisions\/97872857"}],"wp:attachment":[{"href":"https:\/\/fundacion-biodiversidad.es\/en\/wp-json\/wp\/v2\/media?parent=47081"}],"curies":[{"name":"wp","href":"https:\/\/api.w.org\/{rel}","templated":true}]}}