{"id":47083,"date":"2022-09-11T12:05:17","date_gmt":"2022-09-11T10:05:17","guid":{"rendered":"https:\/\/fundacion-biodiversidad.es\/divulgacion-y-sensibilizacion\/biodirectos\/"},"modified":"2026-02-12T10:44:14","modified_gmt":"2026-02-12T09:44:14","slug":"biodirectos","status":"publish","type":"page","link":"https:\/\/fundacion-biodiversidad.es\/en\/dissemination-and-awareness-raising\/biodirectos\/","title":{"rendered":"Biodirect"},"content":{"rendered":"","protected":false},"excerpt":{"rendered":"","protected":false},"author":11,"featured_media":0,"parent":47052,"menu_order":0,"comment_status":"closed","ping_status":"closed","template":"page-templates\/biodirectos.php","meta":{"_acf_changed":false,"footnotes":""},"class_list":["post-47083","page","type-page","status-publish","hentry"],"acf":[],"yoast_head":"<!-- This site is optimized with the Yoast SEO plugin v26.9 - https:\/\/yoast.com\/product\/yoast-seo-wordpress\/ -->\n<title>Biodirect - Fundaci\u00f3n Biodiversidad<\/title>\n<meta name=\"description\" content=\"Series of online meetings organised by MITECO and broadcast live on the Fundaci\u00f3n Biodiversidad&#039;s social media channels.\" \/>\n<meta name=\"robots\" content=\"index, follow, max-snippet:-1, max-image-preview:large, max-video-preview:-1\" \/>\n<link rel=\"canonical\" href=\"https:\/\/fundacion-biodiversidad.es\/en\/dissemination-and-awareness-raising\/biodirectos\/\" \/>\n<meta property=\"og:locale\" content=\"en_US\" \/>\n<meta property=\"og:type\" content=\"article\" \/>\n<meta property=\"og:title\" content=\"Biodirect - Fundaci\u00f3n Biodiversidad\" \/>\n<meta property=\"og:description\" content=\"Series of online meetings organised by MITECO and broadcast live on the Fundaci\u00f3n Biodiversidad&#039;s social media channels.\" \/>\n<meta property=\"og:url\" content=\"https:\/\/fundacion-biodiversidad.es\/en\/dissemination-and-awareness-raising\/biodirectos\/\" \/>\n<meta property=\"og:site_name\" content=\"Fundaci\u00f3n Biodiversidad\" \/>\n<meta property=\"article:modified_time\" content=\"2026-02-12T09:44:14+00:00\" \/>\n<meta property=\"og:image\" content=\"https:\/\/fundacion-biodiversidad.es\/wp-content\/uploads\/2023\/01\/Parado-frente-al-mar.jpg\" \/>\n\t<meta property=\"og:image:width\" content=\"3840\" \/>\n\t<meta property=\"og:image:height\" content=\"1790\" \/>\n\t<meta property=\"og:image:type\" content=\"image\/jpeg\" \/>\n<meta name=\"twitter:card\" content=\"summary_large_image\" \/>\n<meta name=\"twitter:image\" content=\"https:\/\/fundacion-biodiversidad.es\/wp-content\/uploads\/2023\/01\/Parado-frente-al-mar.jpg\" \/>\n<script type=\"application\/ld+json\" class=\"yoast-schema-graph\">{\"@context\":\"https:\/\/schema.org\",\"@graph\":[{\"@type\":\"WebPage\",\"@id\":\"https:\/\/fundacion-biodiversidad.es\/en\/dissemination-and-awareness-raising\/biodirectos\/\",\"url\":\"https:\/\/fundacion-biodiversidad.es\/en\/dissemination-and-awareness-raising\/biodirectos\/\",\"name\":\"Biodirect - Fundaci\u00f3n Biodiversidad\",\"isPartOf\":{\"@id\":\"https:\/\/fundacion-biodiversidad.es\/en\/#website\"},\"datePublished\":\"2022-09-11T10:05:17+00:00\",\"dateModified\":\"2026-02-12T09:44:14+00:00\",\"description\":\"Series of online meetings organised by MITECO and broadcast live on the Fundaci\u00f3n Biodiversidad's social media channels.\",\"breadcrumb\":{\"@id\":\"https:\/\/fundacion-biodiversidad.es\/en\/dissemination-and-awareness-raising\/biodirectos\/#breadcrumb\"},\"inLanguage\":\"en-US\",\"potentialAction\":[{\"@type\":\"ReadAction\",\"target\":[\"https:\/\/fundacion-biodiversidad.es\/en\/dissemination-and-awareness-raising\/biodirectos\/\"]}]},{\"@type\":\"BreadcrumbList\",\"@id\":\"https:\/\/fundacion-biodiversidad.es\/en\/dissemination-and-awareness-raising\/biodirectos\/#breadcrumb\",\"itemListElement\":[{\"@type\":\"ListItem\",\"position\":1,\"name\":\"Portada\",\"item\":\"https:\/\/fundacion-biodiversidad.es\/en\/inicio\/\"},{\"@type\":\"ListItem\",\"position\":2,\"name\":\"Dissemination and Awareness\",\"item\":\"https:\/\/fundacion-biodiversidad.es\/en\/dissemination-and-awareness-raising\/\"},{\"@type\":\"ListItem\",\"position\":3,\"name\":\"Biodirect\"}]},{\"@type\":\"WebSite\",\"@id\":\"https:\/\/fundacion-biodiversidad.es\/en\/#website\",\"url\":\"https:\/\/fundacion-biodiversidad.es\/en\/\",\"name\":\"Fundaci\u00f3n Biodiversidad\",\"description\":\"Fundaci\u00f3n p\u00fablica adscrita al Ministerio para la Transici\u00f3n Ecol\u00f3gica\",\"potentialAction\":[{\"@type\":\"SearchAction\",\"target\":{\"@type\":\"EntryPoint\",\"urlTemplate\":\"https:\/\/fundacion-biodiversidad.es\/en\/?s={search_term_string}\"},\"query-input\":{\"@type\":\"PropertyValueSpecification\",\"valueRequired\":true,\"valueName\":\"search_term_string\"}}],\"inLanguage\":\"en-US\"}]}<\/script>\n<!-- \/ Yoast SEO plugin. -->","yoast_head_json":{"title":"Biodirect - Fundaci\u00f3n Biodiversidad","description":"Series of online meetings organised by MITECO and broadcast live on the Fundaci\u00f3n Biodiversidad's social media channels.","robots":{"index":"index","follow":"follow","max-snippet":"max-snippet:-1","max-image-preview":"max-image-preview:large","max-video-preview":"max-video-preview:-1"},"canonical":"https:\/\/fundacion-biodiversidad.es\/en\/dissemination-and-awareness-raising\/biodirectos\/","og_locale":"en_US","og_type":"article","og_title":"Biodirect - Fundaci\u00f3n Biodiversidad","og_description":"Series of online meetings organised by MITECO and broadcast live on the Fundaci\u00f3n Biodiversidad's social media channels.","og_url":"https:\/\/fundacion-biodiversidad.es\/en\/dissemination-and-awareness-raising\/biodirectos\/","og_site_name":"Fundaci\u00f3n Biodiversidad","article_modified_time":"2026-02-12T09:44:14+00:00","og_image":[{"width":3840,"height":1790,"url":"https:\/\/fundacion-biodiversidad.es\/wp-content\/uploads\/2023\/01\/Parado-frente-al-mar.jpg","type":"image\/jpeg"}],"twitter_card":"summary_large_image","twitter_image":"https:\/\/fundacion-biodiversidad.es\/wp-content\/uploads\/2023\/01\/Parado-frente-al-mar.jpg","schema":{"@context":"https:\/\/schema.org","@graph":[{"@type":"WebPage","@id":"https:\/\/fundacion-biodiversidad.es\/en\/dissemination-and-awareness-raising\/biodirectos\/","url":"https:\/\/fundacion-biodiversidad.es\/en\/dissemination-and-awareness-raising\/biodirectos\/","name":"Biodirect - Fundaci\u00f3n Biodiversidad","isPartOf":{"@id":"https:\/\/fundacion-biodiversidad.es\/en\/#website"},"datePublished":"2022-09-11T10:05:17+00:00","dateModified":"2026-02-12T09:44:14+00:00","description":"Series of online meetings organised by MITECO and broadcast live on the Fundaci\u00f3n Biodiversidad's social media channels.","breadcrumb":{"@id":"https:\/\/fundacion-biodiversidad.es\/en\/dissemination-and-awareness-raising\/biodirectos\/#breadcrumb"},"inLanguage":"en-US","potentialAction":[{"@type":"ReadAction","target":["https:\/\/fundacion-biodiversidad.es\/en\/dissemination-and-awareness-raising\/biodirectos\/"]}]},{"@type":"BreadcrumbList","@id":"https:\/\/fundacion-biodiversidad.es\/en\/dissemination-and-awareness-raising\/biodirectos\/#breadcrumb","itemListElement":[{"@type":"ListItem","position":1,"name":"Portada","item":"https:\/\/fundacion-biodiversidad.es\/en\/inicio\/"},{"@type":"ListItem","position":2,"name":"Dissemination and Awareness","item":"https:\/\/fundacion-biodiversidad.es\/en\/dissemination-and-awareness-raising\/"},{"@type":"ListItem","position":3,"name":"Biodirect"}]},{"@type":"WebSite","@id":"https:\/\/fundacion-biodiversidad.es\/en\/#website","url":"https:\/\/fundacion-biodiversidad.es\/en\/","name":"Fundaci\u00f3n Biodiversidad","description":"Fundaci\u00f3n p\u00fablica adscrita al Ministerio para la Transici\u00f3n Ecol\u00f3gica","potentialAction":[{"@type":"SearchAction","target":{"@type":"EntryPoint","urlTemplate":"https:\/\/fundacion-biodiversidad.es\/en\/?s={search_term_string}"},"query-input":{"@type":"PropertyValueSpecification","valueRequired":true,"valueName":"search_term_string"}}],"inLanguage":"en-US"}]}},"_links":{"self":[{"href":"https:\/\/fundacion-biodiversidad.es\/en\/wp-json\/wp\/v2\/pages\/47083","targetHints":{"allow":["GET"]}}],"collection":[{"href":"https:\/\/fundacion-biodiversidad.es\/en\/wp-json\/wp\/v2\/pages"}],"about":[{"href":"https:\/\/fundacion-biodiversidad.es\/en\/wp-json\/wp\/v2\/types\/page"}],"author":[{"embeddable":true,"href":"https:\/\/fundacion-biodiversidad.es\/en\/wp-json\/wp\/v2\/users\/11"}],"replies":[{"embeddable":true,"href":"https:\/\/fundacion-biodiversidad.es\/en\/wp-json\/wp\/v2\/comments?post=47083"}],"version-history":[{"count":1,"href":"https:\/\/fundacion-biodiversidad.es\/en\/wp-json\/wp\/v2\/pages\/47083\/revisions"}],"predecessor-version":[{"id":97856162,"href":"https:\/\/fundacion-biodiversidad.es\/en\/wp-json\/wp\/v2\/pages\/47083\/revisions\/97856162"}],"up":[{"embeddable":true,"href":"https:\/\/fundacion-biodiversidad.es\/en\/wp-json\/wp\/v2\/pages\/47052"}],"wp:attachment":[{"href":"https:\/\/fundacion-biodiversidad.es\/en\/wp-json\/wp\/v2\/media?parent=47083"}],"curies":[{"name":"wp","href":"https:\/\/api.w.org\/{rel}","templated":true}]}}