{"id":47090,"date":"2022-06-11T17:19:02","date_gmt":"2022-06-11T15:19:02","guid":{"rendered":"https:\/\/fundacion-biodiversidad.es\/objetivos\/"},"modified":"2026-02-12T09:58:18","modified_gmt":"2026-02-12T08:58:18","slug":"goals","status":"publish","type":"page","link":"https:\/\/fundacion-biodiversidad.es\/en\/the-foundation\/goals\/","title":{"rendered":"Objectives"},"content":{"rendered":"","protected":false},"excerpt":{"rendered":"","protected":false},"author":11,"featured_media":0,"parent":47092,"menu_order":0,"comment_status":"closed","ping_status":"closed","template":"page-templates\/objetivos.php","meta":{"_acf_changed":false,"footnotes":""},"class_list":["post-47090","page","type-page","status-publish","hentry"],"acf":[],"yoast_head":"<!-- This site is optimized with the Yoast SEO plugin v26.9 - https:\/\/yoast.com\/product\/yoast-seo-wordpress\/ -->\n<title>Objectives - Fundaci\u00f3n Biodiversidad<\/title>\n<meta name=\"description\" content=\"Conserve and restore ecosystems and biodiversity, sustainably use natural resources, and promote strategic partnerships to this end\" \/>\n<meta name=\"robots\" content=\"index, follow, max-snippet:-1, max-image-preview:large, max-video-preview:-1\" \/>\n<link rel=\"canonical\" href=\"https:\/\/fundacion-biodiversidad.es\/en\/the-foundation\/goals\/\" \/>\n<meta property=\"og:locale\" content=\"en_US\" \/>\n<meta property=\"og:type\" content=\"article\" \/>\n<meta property=\"og:title\" content=\"Objectives - Fundaci\u00f3n Biodiversidad\" \/>\n<meta property=\"og:description\" content=\"Conserve and restore ecosystems and biodiversity, sustainably use natural resources, and promote strategic partnerships to this end\" \/>\n<meta property=\"og:url\" content=\"https:\/\/fundacion-biodiversidad.es\/en\/the-foundation\/goals\/\" \/>\n<meta property=\"og:site_name\" content=\"Fundaci\u00f3n Biodiversidad\" \/>\n<meta property=\"article:modified_time\" content=\"2026-02-12T08:58:18+00:00\" \/>\n<meta property=\"og:image\" content=\"https:\/\/fundacion-biodiversidad.es\/wp-content\/uploads\/2022\/06\/cabecera-objetivos.jpg\" \/>\n\t<meta property=\"og:image:width\" content=\"1920\" \/>\n\t<meta property=\"og:image:height\" content=\"952\" \/>\n\t<meta property=\"og:image:type\" content=\"image\/jpeg\" \/>\n<meta name=\"twitter:card\" content=\"summary_large_image\" \/>\n<meta name=\"twitter:image\" content=\"https:\/\/fundacion-biodiversidad.es\/wp-content\/uploads\/2022\/06\/cabecera-objetivos.jpg\" \/>\n<script type=\"application\/ld+json\" class=\"yoast-schema-graph\">{\"@context\":\"https:\/\/schema.org\",\"@graph\":[{\"@type\":\"WebPage\",\"@id\":\"https:\/\/fundacion-biodiversidad.es\/en\/the-foundation\/goals\/\",\"url\":\"https:\/\/fundacion-biodiversidad.es\/en\/the-foundation\/goals\/\",\"name\":\"Objectives - Fundaci\u00f3n Biodiversidad\",\"isPartOf\":{\"@id\":\"https:\/\/fundacion-biodiversidad.es\/en\/#website\"},\"datePublished\":\"2022-06-11T15:19:02+00:00\",\"dateModified\":\"2026-02-12T08:58:18+00:00\",\"description\":\"Conserve and restore ecosystems and biodiversity, sustainably use natural resources, and promote strategic partnerships to this end\",\"breadcrumb\":{\"@id\":\"https:\/\/fundacion-biodiversidad.es\/en\/the-foundation\/goals\/#breadcrumb\"},\"inLanguage\":\"en-US\",\"potentialAction\":[{\"@type\":\"ReadAction\",\"target\":[\"https:\/\/fundacion-biodiversidad.es\/en\/the-foundation\/goals\/\"]}]},{\"@type\":\"BreadcrumbList\",\"@id\":\"https:\/\/fundacion-biodiversidad.es\/en\/the-foundation\/goals\/#breadcrumb\",\"itemListElement\":[{\"@type\":\"ListItem\",\"position\":1,\"name\":\"Portada\",\"item\":\"https:\/\/fundacion-biodiversidad.es\/en\/inicio\/\"},{\"@type\":\"ListItem\",\"position\":2,\"name\":\"The Foundation\",\"item\":\"https:\/\/fundacion-biodiversidad.es\/en\/the-foundation\/\"},{\"@type\":\"ListItem\",\"position\":3,\"name\":\"Objectives\"}]},{\"@type\":\"WebSite\",\"@id\":\"https:\/\/fundacion-biodiversidad.es\/en\/#website\",\"url\":\"https:\/\/fundacion-biodiversidad.es\/en\/\",\"name\":\"Fundaci\u00f3n Biodiversidad\",\"description\":\"Fundaci\u00f3n p\u00fablica adscrita al Ministerio para la Transici\u00f3n Ecol\u00f3gica\",\"potentialAction\":[{\"@type\":\"SearchAction\",\"target\":{\"@type\":\"EntryPoint\",\"urlTemplate\":\"https:\/\/fundacion-biodiversidad.es\/en\/?s={search_term_string}\"},\"query-input\":{\"@type\":\"PropertyValueSpecification\",\"valueRequired\":true,\"valueName\":\"search_term_string\"}}],\"inLanguage\":\"en-US\"}]}<\/script>\n<!-- \/ Yoast SEO plugin. -->","yoast_head_json":{"title":"Objectives - Fundaci\u00f3n Biodiversidad","description":"Conserve and restore ecosystems and biodiversity, sustainably use natural resources, and promote strategic partnerships to this end","robots":{"index":"index","follow":"follow","max-snippet":"max-snippet:-1","max-image-preview":"max-image-preview:large","max-video-preview":"max-video-preview:-1"},"canonical":"https:\/\/fundacion-biodiversidad.es\/en\/the-foundation\/goals\/","og_locale":"en_US","og_type":"article","og_title":"Objectives - Fundaci\u00f3n Biodiversidad","og_description":"Conserve and restore ecosystems and biodiversity, sustainably use natural resources, and promote strategic partnerships to this end","og_url":"https:\/\/fundacion-biodiversidad.es\/en\/the-foundation\/goals\/","og_site_name":"Fundaci\u00f3n Biodiversidad","article_modified_time":"2026-02-12T08:58:18+00:00","og_image":[{"width":1920,"height":952,"url":"https:\/\/fundacion-biodiversidad.es\/wp-content\/uploads\/2022\/06\/cabecera-objetivos.jpg","type":"image\/jpeg"}],"twitter_card":"summary_large_image","twitter_image":"https:\/\/fundacion-biodiversidad.es\/wp-content\/uploads\/2022\/06\/cabecera-objetivos.jpg","schema":{"@context":"https:\/\/schema.org","@graph":[{"@type":"WebPage","@id":"https:\/\/fundacion-biodiversidad.es\/en\/the-foundation\/goals\/","url":"https:\/\/fundacion-biodiversidad.es\/en\/the-foundation\/goals\/","name":"Objectives - Fundaci\u00f3n Biodiversidad","isPartOf":{"@id":"https:\/\/fundacion-biodiversidad.es\/en\/#website"},"datePublished":"2022-06-11T15:19:02+00:00","dateModified":"2026-02-12T08:58:18+00:00","description":"Conserve and restore ecosystems and biodiversity, sustainably use natural resources, and promote strategic partnerships to this end","breadcrumb":{"@id":"https:\/\/fundacion-biodiversidad.es\/en\/the-foundation\/goals\/#breadcrumb"},"inLanguage":"en-US","potentialAction":[{"@type":"ReadAction","target":["https:\/\/fundacion-biodiversidad.es\/en\/the-foundation\/goals\/"]}]},{"@type":"BreadcrumbList","@id":"https:\/\/fundacion-biodiversidad.es\/en\/the-foundation\/goals\/#breadcrumb","itemListElement":[{"@type":"ListItem","position":1,"name":"Portada","item":"https:\/\/fundacion-biodiversidad.es\/en\/inicio\/"},{"@type":"ListItem","position":2,"name":"The Foundation","item":"https:\/\/fundacion-biodiversidad.es\/en\/the-foundation\/"},{"@type":"ListItem","position":3,"name":"Objectives"}]},{"@type":"WebSite","@id":"https:\/\/fundacion-biodiversidad.es\/en\/#website","url":"https:\/\/fundacion-biodiversidad.es\/en\/","name":"Fundaci\u00f3n Biodiversidad","description":"Fundaci\u00f3n p\u00fablica adscrita al Ministerio para la Transici\u00f3n Ecol\u00f3gica","potentialAction":[{"@type":"SearchAction","target":{"@type":"EntryPoint","urlTemplate":"https:\/\/fundacion-biodiversidad.es\/en\/?s={search_term_string}"},"query-input":{"@type":"PropertyValueSpecification","valueRequired":true,"valueName":"search_term_string"}}],"inLanguage":"en-US"}]}},"_links":{"self":[{"href":"https:\/\/fundacion-biodiversidad.es\/en\/wp-json\/wp\/v2\/pages\/47090","targetHints":{"allow":["GET"]}}],"collection":[{"href":"https:\/\/fundacion-biodiversidad.es\/en\/wp-json\/wp\/v2\/pages"}],"about":[{"href":"https:\/\/fundacion-biodiversidad.es\/en\/wp-json\/wp\/v2\/types\/page"}],"author":[{"embeddable":true,"href":"https:\/\/fundacion-biodiversidad.es\/en\/wp-json\/wp\/v2\/users\/11"}],"replies":[{"embeddable":true,"href":"https:\/\/fundacion-biodiversidad.es\/en\/wp-json\/wp\/v2\/comments?post=47090"}],"version-history":[{"count":2,"href":"https:\/\/fundacion-biodiversidad.es\/en\/wp-json\/wp\/v2\/pages\/47090\/revisions"}],"predecessor-version":[{"id":97872850,"href":"https:\/\/fundacion-biodiversidad.es\/en\/wp-json\/wp\/v2\/pages\/47090\/revisions\/97872850"}],"up":[{"embeddable":true,"href":"https:\/\/fundacion-biodiversidad.es\/en\/wp-json\/wp\/v2\/pages\/47092"}],"wp:attachment":[{"href":"https:\/\/fundacion-biodiversidad.es\/en\/wp-json\/wp\/v2\/media?parent=47090"}],"curies":[{"name":"wp","href":"https:\/\/api.w.org\/{rel}","templated":true}]}}