{"id":97855666,"date":"2025-01-27T11:17:48","date_gmt":"2025-01-27T10:17:48","guid":{"rendered":"https:\/\/fundacion-biodiversidad.es\/conservation-and-restoration-of-marine-habitats-and-species\/"},"modified":"2026-04-16T18:06:51","modified_gmt":"2026-04-16T16:06:51","slug":"conservation-and-restoration-of-marine-habitats-and-species","status":"publish","type":"page","link":"https:\/\/fundacion-biodiversidad.es\/en\/conservation-and-restoration-of-marine-habitats-and-species\/","title":{"rendered":"Call for ERDF grants to support the conservation and restoration of marine biodiversity"},"content":{"rendered":"","protected":false},"excerpt":{"rendered":"","protected":false},"author":14,"featured_media":97855668,"parent":0,"menu_order":0,"comment_status":"closed","ping_status":"closed","template":"page-templates\/landing-page-nueva-convocatoria.php","meta":{"_acf_changed":false,"footnotes":""},"class_list":["post-97855666","page","type-page","status-publish","has-post-thumbnail","hentry"],"acf":[],"yoast_head":"<!-- This site is optimized with the Yoast SEO plugin v27.5 - https:\/\/yoast.com\/product\/yoast-seo-wordpress\/ -->\n<title>Call for ERDF grants to support the conservation and restoration of marine biodiversity - Fundaci\u00f3n Biodiversidad<\/title>\n<meta name=\"robots\" content=\"index, follow, max-snippet:-1, max-image-preview:large, max-video-preview:-1\" \/>\n<link rel=\"canonical\" href=\"https:\/\/fundacion-biodiversidad.es\/en\/conservation-and-restoration-of-marine-habitats-and-species\/\" \/>\n<meta property=\"og:locale\" content=\"en_US\" \/>\n<meta property=\"og:type\" content=\"article\" \/>\n<meta property=\"og:title\" content=\"Call for ERDF grants to support the conservation and restoration of marine biodiversity - Fundaci\u00f3n Biodiversidad\" \/>\n<meta property=\"og:url\" content=\"https:\/\/fundacion-biodiversidad.es\/en\/conservation-and-restoration-of-marine-habitats-and-species\/\" \/>\n<meta property=\"og:site_name\" content=\"Fundaci\u00f3n Biodiversidad\" \/>\n<meta property=\"article:modified_time\" content=\"2026-04-16T16:06:51+00:00\" \/>\n<meta property=\"og:image\" content=\"https:\/\/fundacion-biodiversidad.es\/wp-content\/uploads\/2024\/12\/ciudades-FEDER_2024_1200x628-1024x536.png\" \/>\n<meta name=\"twitter:card\" content=\"summary_large_image\" \/>\n<meta name=\"twitter:image\" content=\"https:\/\/fundacion-biodiversidad.es\/wp-content\/uploads\/2024\/12\/ciudades-FEDER_2024_1200x628-1024x536.png\" \/>\n<script type=\"application\/ld+json\" class=\"yoast-schema-graph\">{\"@context\":\"https:\\\/\\\/schema.org\",\"@graph\":[{\"@type\":\"WebPage\",\"@id\":\"https:\\\/\\\/fundacion-biodiversidad.es\\\/en\\\/conservation-and-restoration-of-marine-habitats-and-species\\\/\",\"url\":\"https:\\\/\\\/fundacion-biodiversidad.es\\\/en\\\/conservation-and-restoration-of-marine-habitats-and-species\\\/\",\"name\":\"Call for ERDF grants to support the conservation and restoration of marine biodiversity - Fundaci\u00f3n Biodiversidad\",\"isPartOf\":{\"@id\":\"https:\\\/\\\/fundacion-biodiversidad.es\\\/en\\\/#website\"},\"primaryImageOfPage\":{\"@id\":\"https:\\\/\\\/fundacion-biodiversidad.es\\\/en\\\/conservation-and-restoration-of-marine-habitats-and-species\\\/#primaryimage\"},\"image\":{\"@id\":\"https:\\\/\\\/fundacion-biodiversidad.es\\\/en\\\/conservation-and-restoration-of-marine-habitats-and-species\\\/#primaryimage\"},\"thumbnailUrl\":\"https:\\\/\\\/fundacion-biodiversidad.es\\\/wp-content\\\/uploads\\\/2025\\\/01\\\/cabo-palos-Cartagena-scaled.jpeg\",\"datePublished\":\"2025-01-27T10:17:48+00:00\",\"dateModified\":\"2026-04-16T16:06:51+00:00\",\"breadcrumb\":{\"@id\":\"https:\\\/\\\/fundacion-biodiversidad.es\\\/en\\\/conservation-and-restoration-of-marine-habitats-and-species\\\/#breadcrumb\"},\"inLanguage\":\"en-US\",\"potentialAction\":[{\"@type\":\"ReadAction\",\"target\":[\"https:\\\/\\\/fundacion-biodiversidad.es\\\/en\\\/conservation-and-restoration-of-marine-habitats-and-species\\\/\"]}]},{\"@type\":\"ImageObject\",\"inLanguage\":\"en-US\",\"@id\":\"https:\\\/\\\/fundacion-biodiversidad.es\\\/en\\\/conservation-and-restoration-of-marine-habitats-and-species\\\/#primaryimage\",\"url\":\"https:\\\/\\\/fundacion-biodiversidad.es\\\/wp-content\\\/uploads\\\/2025\\\/01\\\/cabo-palos-Cartagena-scaled.jpeg\",\"contentUrl\":\"https:\\\/\\\/fundacion-biodiversidad.es\\\/wp-content\\\/uploads\\\/2025\\\/01\\\/cabo-palos-Cartagena-scaled.jpeg\",\"width\":4096,\"height\":2731,\"caption\":\"Mediterranean fishes underwater with neptune sea grass below water surface, Cabo de Palos, Cartagena, Murcia, Spain\"},{\"@type\":\"BreadcrumbList\",\"@id\":\"https:\\\/\\\/fundacion-biodiversidad.es\\\/en\\\/conservation-and-restoration-of-marine-habitats-and-species\\\/#breadcrumb\",\"itemListElement\":[{\"@type\":\"ListItem\",\"position\":1,\"name\":\"Portada\",\"item\":\"https:\\\/\\\/fundacion-biodiversidad.es\\\/en\\\/inicio\\\/\"},{\"@type\":\"ListItem\",\"position\":2,\"name\":\"Call for ERDF grants to support the conservation and restoration of marine biodiversity\"}]},{\"@type\":\"WebSite\",\"@id\":\"https:\\\/\\\/fundacion-biodiversidad.es\\\/en\\\/#website\",\"url\":\"https:\\\/\\\/fundacion-biodiversidad.es\\\/en\\\/\",\"name\":\"Fundaci\u00f3n Biodiversidad\",\"description\":\"Fundaci\u00f3n p\u00fablica adscrita al Ministerio para la Transici\u00f3n Ecol\u00f3gica\",\"potentialAction\":[{\"@type\":\"SearchAction\",\"target\":{\"@type\":\"EntryPoint\",\"urlTemplate\":\"https:\\\/\\\/fundacion-biodiversidad.es\\\/en\\\/?s={search_term_string}\"},\"query-input\":{\"@type\":\"PropertyValueSpecification\",\"valueRequired\":true,\"valueName\":\"search_term_string\"}}],\"inLanguage\":\"en-US\"}]}<\/script>\n<!-- \/ Yoast SEO plugin. -->","yoast_head_json":{"title":"Call for ERDF grants to support the conservation and restoration of marine biodiversity - Fundaci\u00f3n Biodiversidad","robots":{"index":"index","follow":"follow","max-snippet":"max-snippet:-1","max-image-preview":"max-image-preview:large","max-video-preview":"max-video-preview:-1"},"canonical":"https:\/\/fundacion-biodiversidad.es\/en\/conservation-and-restoration-of-marine-habitats-and-species\/","og_locale":"en_US","og_type":"article","og_title":"Call for ERDF grants to support the conservation and restoration of marine biodiversity - Fundaci\u00f3n Biodiversidad","og_url":"https:\/\/fundacion-biodiversidad.es\/en\/conservation-and-restoration-of-marine-habitats-and-species\/","og_site_name":"Fundaci\u00f3n Biodiversidad","article_modified_time":"2026-04-16T16:06:51+00:00","og_image":[{"url":"https:\/\/fundacion-biodiversidad.es\/wp-content\/uploads\/2024\/12\/ciudades-FEDER_2024_1200x628-1024x536.png","type":"","width":"","height":""}],"twitter_card":"summary_large_image","twitter_image":"https:\/\/fundacion-biodiversidad.es\/wp-content\/uploads\/2024\/12\/ciudades-FEDER_2024_1200x628-1024x536.png","schema":{"@context":"https:\/\/schema.org","@graph":[{"@type":"WebPage","@id":"https:\/\/fundacion-biodiversidad.es\/en\/conservation-and-restoration-of-marine-habitats-and-species\/","url":"https:\/\/fundacion-biodiversidad.es\/en\/conservation-and-restoration-of-marine-habitats-and-species\/","name":"Call for ERDF grants to support the conservation and restoration of marine biodiversity - Fundaci\u00f3n Biodiversidad","isPartOf":{"@id":"https:\/\/fundacion-biodiversidad.es\/en\/#website"},"primaryImageOfPage":{"@id":"https:\/\/fundacion-biodiversidad.es\/en\/conservation-and-restoration-of-marine-habitats-and-species\/#primaryimage"},"image":{"@id":"https:\/\/fundacion-biodiversidad.es\/en\/conservation-and-restoration-of-marine-habitats-and-species\/#primaryimage"},"thumbnailUrl":"https:\/\/fundacion-biodiversidad.es\/wp-content\/uploads\/2025\/01\/cabo-palos-Cartagena-scaled.jpeg","datePublished":"2025-01-27T10:17:48+00:00","dateModified":"2026-04-16T16:06:51+00:00","breadcrumb":{"@id":"https:\/\/fundacion-biodiversidad.es\/en\/conservation-and-restoration-of-marine-habitats-and-species\/#breadcrumb"},"inLanguage":"en-US","potentialAction":[{"@type":"ReadAction","target":["https:\/\/fundacion-biodiversidad.es\/en\/conservation-and-restoration-of-marine-habitats-and-species\/"]}]},{"@type":"ImageObject","inLanguage":"en-US","@id":"https:\/\/fundacion-biodiversidad.es\/en\/conservation-and-restoration-of-marine-habitats-and-species\/#primaryimage","url":"https:\/\/fundacion-biodiversidad.es\/wp-content\/uploads\/2025\/01\/cabo-palos-Cartagena-scaled.jpeg","contentUrl":"https:\/\/fundacion-biodiversidad.es\/wp-content\/uploads\/2025\/01\/cabo-palos-Cartagena-scaled.jpeg","width":4096,"height":2731,"caption":"Mediterranean fishes underwater with neptune sea grass below water surface, Cabo de Palos, Cartagena, Murcia, Spain"},{"@type":"BreadcrumbList","@id":"https:\/\/fundacion-biodiversidad.es\/en\/conservation-and-restoration-of-marine-habitats-and-species\/#breadcrumb","itemListElement":[{"@type":"ListItem","position":1,"name":"Portada","item":"https:\/\/fundacion-biodiversidad.es\/en\/inicio\/"},{"@type":"ListItem","position":2,"name":"Call for ERDF grants to support the conservation and restoration of marine biodiversity"}]},{"@type":"WebSite","@id":"https:\/\/fundacion-biodiversidad.es\/en\/#website","url":"https:\/\/fundacion-biodiversidad.es\/en\/","name":"Fundaci\u00f3n Biodiversidad","description":"Fundaci\u00f3n p\u00fablica adscrita al Ministerio para la Transici\u00f3n Ecol\u00f3gica","potentialAction":[{"@type":"SearchAction","target":{"@type":"EntryPoint","urlTemplate":"https:\/\/fundacion-biodiversidad.es\/en\/?s={search_term_string}"},"query-input":{"@type":"PropertyValueSpecification","valueRequired":true,"valueName":"search_term_string"}}],"inLanguage":"en-US"}]}},"_links":{"self":[{"href":"https:\/\/fundacion-biodiversidad.es\/en\/wp-json\/wp\/v2\/pages\/97855666","targetHints":{"allow":["GET"]}}],"collection":[{"href":"https:\/\/fundacion-biodiversidad.es\/en\/wp-json\/wp\/v2\/pages"}],"about":[{"href":"https:\/\/fundacion-biodiversidad.es\/en\/wp-json\/wp\/v2\/types\/page"}],"author":[{"embeddable":true,"href":"https:\/\/fundacion-biodiversidad.es\/en\/wp-json\/wp\/v2\/users\/14"}],"replies":[{"embeddable":true,"href":"https:\/\/fundacion-biodiversidad.es\/en\/wp-json\/wp\/v2\/comments?post=97855666"}],"version-history":[{"count":3,"href":"https:\/\/fundacion-biodiversidad.es\/en\/wp-json\/wp\/v2\/pages\/97855666\/revisions"}],"predecessor-version":[{"id":97863323,"href":"https:\/\/fundacion-biodiversidad.es\/en\/wp-json\/wp\/v2\/pages\/97855666\/revisions\/97863323"}],"wp:featuredmedia":[{"embeddable":true,"href":"https:\/\/fundacion-biodiversidad.es\/en\/wp-json\/wp\/v2\/media\/97855668"}],"wp:attachment":[{"href":"https:\/\/fundacion-biodiversidad.es\/en\/wp-json\/wp\/v2\/media?parent=97855666"}],"curies":[{"name":"wp","href":"https:\/\/api.w.org\/{rel}","templated":true}]}}