{"id":97864475,"date":"2025-08-19T00:01:24","date_gmt":"2025-08-18T22:01:24","guid":{"rendered":"https:\/\/fundacion-biodiversidad.es\/landing-test-calls\/"},"modified":"2026-04-16T18:07:20","modified_gmt":"2026-04-16T16:07:20","slug":"landing-test-calls","status":"publish","type":"page","link":"https:\/\/fundacion-biodiversidad.es\/en\/landing-test-calls\/","title":{"rendered":"Landing test calls"},"content":{"rendered":"","protected":false},"excerpt":{"rendered":"","protected":false},"author":11,"featured_media":97864341,"parent":0,"menu_order":0,"comment_status":"closed","ping_status":"closed","template":"page-templates\/landing-convocatoria.php","meta":{"_acf_changed":false,"footnotes":""},"class_list":["post-97864475","page","type-page","status-publish","has-post-thumbnail","hentry"],"acf":[],"yoast_head":"<!-- This site is optimized with the Yoast SEO plugin v26.9 - https:\/\/yoast.com\/product\/yoast-seo-wordpress\/ -->\n<title>Landing test calls - Fundaci\u00f3n Biodiversidad<\/title>\n<meta name=\"robots\" content=\"noindex, nofollow\" \/>\n<meta property=\"og:locale\" content=\"en_US\" \/>\n<meta property=\"og:type\" content=\"article\" \/>\n<meta property=\"og:title\" content=\"Landing test calls - Fundaci\u00f3n Biodiversidad\" \/>\n<meta property=\"og:url\" content=\"https:\/\/fundacion-biodiversidad.es\/en\/landing-test-calls\/\" \/>\n<meta property=\"og:site_name\" content=\"Fundaci\u00f3n Biodiversidad\" \/>\n<meta property=\"article:modified_time\" content=\"2026-04-16T16:07:20+00:00\" \/>\n<meta property=\"og:image\" content=\"https:\/\/fundacion-biodiversidad.es\/wp-content\/uploads\/2025\/08\/20250811_Trabajos-de-diagnostico-para-la-conservacion-del-Mar-Menor.-United-Nations.jpg\" \/>\n\t<meta property=\"og:image:width\" content=\"1280\" \/>\n\t<meta property=\"og:image:height\" content=\"851\" \/>\n\t<meta property=\"og:image:type\" content=\"image\/jpeg\" \/>\n<meta name=\"twitter:card\" content=\"summary_large_image\" \/>\n<script type=\"application\/ld+json\" class=\"yoast-schema-graph\">{\"@context\":\"https:\/\/schema.org\",\"@graph\":[{\"@type\":\"WebPage\",\"@id\":\"https:\/\/fundacion-biodiversidad.es\/en\/landing-test-calls\/\",\"url\":\"https:\/\/fundacion-biodiversidad.es\/en\/landing-test-calls\/\",\"name\":\"Landing test calls - Fundaci\u00f3n Biodiversidad\",\"isPartOf\":{\"@id\":\"https:\/\/fundacion-biodiversidad.es\/en\/#website\"},\"primaryImageOfPage\":{\"@id\":\"https:\/\/fundacion-biodiversidad.es\/en\/landing-test-calls\/#primaryimage\"},\"image\":{\"@id\":\"https:\/\/fundacion-biodiversidad.es\/en\/landing-test-calls\/#primaryimage\"},\"thumbnailUrl\":\"https:\/\/fundacion-biodiversidad.es\/wp-content\/uploads\/2025\/08\/20250811_Trabajos-de-diagnostico-para-la-conservacion-del-Mar-Menor.-United-Nations.jpg\",\"datePublished\":\"2025-08-18T22:01:24+00:00\",\"dateModified\":\"2026-04-16T16:07:20+00:00\",\"breadcrumb\":{\"@id\":\"https:\/\/fundacion-biodiversidad.es\/en\/landing-test-calls\/#breadcrumb\"},\"inLanguage\":\"en-US\",\"potentialAction\":[{\"@type\":\"ReadAction\",\"target\":[\"https:\/\/fundacion-biodiversidad.es\/en\/landing-test-calls\/\"]}]},{\"@type\":\"ImageObject\",\"inLanguage\":\"en-US\",\"@id\":\"https:\/\/fundacion-biodiversidad.es\/en\/landing-test-calls\/#primaryimage\",\"url\":\"https:\/\/fundacion-biodiversidad.es\/wp-content\/uploads\/2025\/08\/20250811_Trabajos-de-diagnostico-para-la-conservacion-del-Mar-Menor.-United-Nations.jpg\",\"contentUrl\":\"https:\/\/fundacion-biodiversidad.es\/wp-content\/uploads\/2025\/08\/20250811_Trabajos-de-diagnostico-para-la-conservacion-del-Mar-Menor.-United-Nations.jpg\",\"width\":1280,\"height\":851},{\"@type\":\"BreadcrumbList\",\"@id\":\"https:\/\/fundacion-biodiversidad.es\/en\/landing-test-calls\/#breadcrumb\",\"itemListElement\":[{\"@type\":\"ListItem\",\"position\":1,\"name\":\"Portada\",\"item\":\"https:\/\/fundacion-biodiversidad.es\/en\/inicio\/\"},{\"@type\":\"ListItem\",\"position\":2,\"name\":\"Landing test calls\"}]},{\"@type\":\"WebSite\",\"@id\":\"https:\/\/fundacion-biodiversidad.es\/en\/#website\",\"url\":\"https:\/\/fundacion-biodiversidad.es\/en\/\",\"name\":\"Fundaci\u00f3n Biodiversidad\",\"description\":\"Fundaci\u00f3n p\u00fablica adscrita al Ministerio para la Transici\u00f3n Ecol\u00f3gica\",\"potentialAction\":[{\"@type\":\"SearchAction\",\"target\":{\"@type\":\"EntryPoint\",\"urlTemplate\":\"https:\/\/fundacion-biodiversidad.es\/en\/?s={search_term_string}\"},\"query-input\":{\"@type\":\"PropertyValueSpecification\",\"valueRequired\":true,\"valueName\":\"search_term_string\"}}],\"inLanguage\":\"en-US\"}]}<\/script>\n<!-- \/ Yoast SEO plugin. -->","yoast_head_json":{"title":"Landing test calls - Fundaci\u00f3n Biodiversidad","robots":{"index":"noindex","follow":"nofollow"},"og_locale":"en_US","og_type":"article","og_title":"Landing test calls - Fundaci\u00f3n Biodiversidad","og_url":"https:\/\/fundacion-biodiversidad.es\/en\/landing-test-calls\/","og_site_name":"Fundaci\u00f3n Biodiversidad","article_modified_time":"2026-04-16T16:07:20+00:00","og_image":[{"width":1280,"height":851,"url":"https:\/\/fundacion-biodiversidad.es\/wp-content\/uploads\/2025\/08\/20250811_Trabajos-de-diagnostico-para-la-conservacion-del-Mar-Menor.-United-Nations.jpg","type":"image\/jpeg"}],"twitter_card":"summary_large_image","schema":{"@context":"https:\/\/schema.org","@graph":[{"@type":"WebPage","@id":"https:\/\/fundacion-biodiversidad.es\/en\/landing-test-calls\/","url":"https:\/\/fundacion-biodiversidad.es\/en\/landing-test-calls\/","name":"Landing test calls - Fundaci\u00f3n Biodiversidad","isPartOf":{"@id":"https:\/\/fundacion-biodiversidad.es\/en\/#website"},"primaryImageOfPage":{"@id":"https:\/\/fundacion-biodiversidad.es\/en\/landing-test-calls\/#primaryimage"},"image":{"@id":"https:\/\/fundacion-biodiversidad.es\/en\/landing-test-calls\/#primaryimage"},"thumbnailUrl":"https:\/\/fundacion-biodiversidad.es\/wp-content\/uploads\/2025\/08\/20250811_Trabajos-de-diagnostico-para-la-conservacion-del-Mar-Menor.-United-Nations.jpg","datePublished":"2025-08-18T22:01:24+00:00","dateModified":"2026-04-16T16:07:20+00:00","breadcrumb":{"@id":"https:\/\/fundacion-biodiversidad.es\/en\/landing-test-calls\/#breadcrumb"},"inLanguage":"en-US","potentialAction":[{"@type":"ReadAction","target":["https:\/\/fundacion-biodiversidad.es\/en\/landing-test-calls\/"]}]},{"@type":"ImageObject","inLanguage":"en-US","@id":"https:\/\/fundacion-biodiversidad.es\/en\/landing-test-calls\/#primaryimage","url":"https:\/\/fundacion-biodiversidad.es\/wp-content\/uploads\/2025\/08\/20250811_Trabajos-de-diagnostico-para-la-conservacion-del-Mar-Menor.-United-Nations.jpg","contentUrl":"https:\/\/fundacion-biodiversidad.es\/wp-content\/uploads\/2025\/08\/20250811_Trabajos-de-diagnostico-para-la-conservacion-del-Mar-Menor.-United-Nations.jpg","width":1280,"height":851},{"@type":"BreadcrumbList","@id":"https:\/\/fundacion-biodiversidad.es\/en\/landing-test-calls\/#breadcrumb","itemListElement":[{"@type":"ListItem","position":1,"name":"Portada","item":"https:\/\/fundacion-biodiversidad.es\/en\/inicio\/"},{"@type":"ListItem","position":2,"name":"Landing test calls"}]},{"@type":"WebSite","@id":"https:\/\/fundacion-biodiversidad.es\/en\/#website","url":"https:\/\/fundacion-biodiversidad.es\/en\/","name":"Fundaci\u00f3n Biodiversidad","description":"Fundaci\u00f3n p\u00fablica adscrita al Ministerio para la Transici\u00f3n Ecol\u00f3gica","potentialAction":[{"@type":"SearchAction","target":{"@type":"EntryPoint","urlTemplate":"https:\/\/fundacion-biodiversidad.es\/en\/?s={search_term_string}"},"query-input":{"@type":"PropertyValueSpecification","valueRequired":true,"valueName":"search_term_string"}}],"inLanguage":"en-US"}]}},"_links":{"self":[{"href":"https:\/\/fundacion-biodiversidad.es\/en\/wp-json\/wp\/v2\/pages\/97864475","targetHints":{"allow":["GET"]}}],"collection":[{"href":"https:\/\/fundacion-biodiversidad.es\/en\/wp-json\/wp\/v2\/pages"}],"about":[{"href":"https:\/\/fundacion-biodiversidad.es\/en\/wp-json\/wp\/v2\/types\/page"}],"author":[{"embeddable":true,"href":"https:\/\/fundacion-biodiversidad.es\/en\/wp-json\/wp\/v2\/users\/11"}],"replies":[{"embeddable":true,"href":"https:\/\/fundacion-biodiversidad.es\/en\/wp-json\/wp\/v2\/comments?post=97864475"}],"version-history":[{"count":1,"href":"https:\/\/fundacion-biodiversidad.es\/en\/wp-json\/wp\/v2\/pages\/97864475\/revisions"}],"predecessor-version":[{"id":97864477,"href":"https:\/\/fundacion-biodiversidad.es\/en\/wp-json\/wp\/v2\/pages\/97864475\/revisions\/97864477"}],"wp:featuredmedia":[{"embeddable":true,"href":"https:\/\/fundacion-biodiversidad.es\/en\/wp-json\/wp\/v2\/media\/97864341"}],"wp:attachment":[{"href":"https:\/\/fundacion-biodiversidad.es\/en\/wp-json\/wp\/v2\/media?parent=97864475"}],"curies":[{"name":"wp","href":"https:\/\/api.w.org\/{rel}","templated":true}]}}